{"id":2923,"date":"2021-01-04T15:09:30","date_gmt":"2021-01-04T14:09:30","guid":{"rendered":"https:\/\/www.landolt-weine.ch\/cms\/?page_id=2923"},"modified":"2024-12-10T08:50:35","modified_gmt":"2024-12-10T07:50:35","slug":"ueber-landolt","status":"publish","type":"page","link":"https:\/\/www.landolt-weine.ch\/cms\/ueber-landolt\/","title":{"rendered":"F\u00fcr uns k\u00f6nnte es Merlot regnen"},"content":{"rendered":"","protected":false},"excerpt":{"rendered":"<p>Wein ist f\u00fcr uns Faszination, Verpflichtung und Hingabe zugleich. Und zudem eine Tradition, die wir bereits in der sechsten Generation pflegen. Zum Beispiel mit unseren drei Rebbergen in der Stadt Z\u00fcrich, wo wir ein kleines St\u00fcck lokale Weinkultur mitpr\u00e4gen.<\/p>\n","protected":false},"author":2,"featured_media":0,"parent":0,"menu_order":4,"comment_status":"closed","ping_status":"open","template":"","meta":{"_acf_changed":false,"footnotes":""},"class_list":["post-2923","page","type-page","status-publish","hentry"],"acf":{"inhaltselemente":[{"acf_fc_layout":"einspalter_text","einspalter_text_titel":"Tradition verpflichtet","einspalter_text_titel_typ":"2","einspalter_text_titel_fake":true,"einspalter_text_content":"<p>F\u00fcr uns k\u00f6nnte es Merlot regnen \u2013 oder Sauvignon Blanc, Primitivo, R\u00e4uschling, Pinot Noir oder Rioja, Chianti, Chateauneuf-du-Pape und und und\u2026 Ganz egal aus welcher Region oder welche Traubensorte, wir lieben sie \u2013 die Rebens\u00e4fte, die so spannende Geschichten, nachhaltige Emotionen und langj\u00e4hrige, enge Freundschaften f\u00fcr uns bereithalten. Mit Hingabe und Leidenschaft entf\u00fchren wir Dich auf die eine Reise durch die Welt, in entlegene T\u00e4ler, sanfte H\u00fcgellandschaften und in herrschaftliche, geschichtstr\u00e4chtige Ch\u00e2teaus! Unser Streben ist es Dich mit Best\u00e4ndigkeit, Innovationsgeist und einer Prise Humor in unsere Weinwelt mitzunehmen, daf\u00fcr handeln wir nach den folgenden Prinzipien:<\/p>\n","einspalter_text_margin":"margin-after-big"},{"acf_fc_layout":"image_text","image_text_titel":"","image_text_titel_typ":"h2__large-title","image_text_titel_fake":false,"image_text_subtitle":"Werte sind wie funkelnde Leuchtfeuer, die uns den Weg zum Erfolg weisen. ","image_text_link":"","image_text_content":"<p>Daher liegen uns folgende Werte besonders am Herzen:<br \/>\nWir pflegen unsere Freundschaften und sind ehrlich mit unseren Lieferanten und unseren Kunden.<\/p>\n<p>Wir bewahren unsere Traditionen und bleiben offen f\u00fcr Neues.<\/p>\n<p>Wir geniessen gemeinsam, im Team, mit Kunden oder einfach mit unseren Lieben und teilen unsere Freude.<\/p>\n<p>Wir nehmen uns Zeit und verstehen unser Handwerk.<\/p>\n<p>Wir nehmen nicht alles immer so bierernst.<\/p>\n<p>Wir gehen\u00a0 verantwortungsvoll mit Ressourcen um zur Schonung der Umwelt und verlangen dies auch von unseren Lieferanten.<\/p>\n<p>Wir legen Wert auf Fairness im Umgang mit unseren Mitarbeitern, Kunden und Lieferanten.<\/p>\n<p>Wir engagieren uns f\u00fcr die Schulung und Unterst\u00fctzung von jungen Menschen, die sich in der Berufsausbildung befinden.<\/p>\n<p>Wir sch\u00e4tzen das Pers\u00f6nliche und sehen es als Fundament f\u00fcr starke Beziehungen und eine erfolgreiche Zusammenarbeit \u2013 also komm vorbei und lerne uns kennen!<\/p>\n","image_text_text_as_lead":false,"image_text_bild":5752,"image_text_video":"","image_text_position_bild":"right","image_text_margin":"margin-after-big"},{"acf_fc_layout":"image_text","image_text_titel":"Landolt Tastings","image_text_titel_typ":"h2__section-title","image_text_titel_fake":false,"image_text_subtitle":"Veranstaltungen","image_text_link":{"title":"","url":"\/cms\/veranstaltungen","target":""},"image_text_content":"<p>Kreiere deinen eigenen Wein, der ganz deinem Geschmack entspricht. Lerne gleichzeitig etwas \u00fcber Wein und Traubensorten. Geniesse einen spassigen Abend unter Gleichgesinnten.<\/p>\n","image_text_text_as_lead":false,"image_text_bild":2944,"image_text_video":"","image_text_position_bild":"left","image_text_margin":"margin-after-big"},{"acf_fc_layout":"social_buttons","social_buttons_margin":"margin-after-big"}],"leadtext":"Wein ist f\u00fcr uns Faszination, Verpflichtung und Hingabe zugleich. Und zudem eine Tradition, die wir bereits in der sechsten Generation pflegen. Zum Beispiel mit unseren drei Rebbergen in der Stadt Z\u00fcrich, wo wir ein kleines St\u00fcck lokale Weinkultur mitpr\u00e4gen.","header_subtitle":"Unsere Philosophie","headerbild":3592,"hide_pagetitle":false,"header_title":""},"yoast_head":"<!-- This site is optimized with the Yoast SEO plugin v27.5 - https:\/\/yoast.com\/product\/yoast-seo-wordpress\/ -->\n<title>F\u00fcr uns k\u00f6nnte es Merlot regnen - unsere Prinzipien und Werte<\/title>\n<meta name=\"description\" content=\"F\u00fcr uns k\u00f6nnte es Merlot regnen - Die Stadt Z\u00fcrich ist die Heimat von Landolt Weine und wir sind stolz, ein St\u00fcck lokale Weinkultur zu pr\u00e4gen.\" \/>\n<meta name=\"robots\" content=\"index, follow, max-snippet:-1, max-image-preview:large, max-video-preview:-1\" \/>\n<link rel=\"canonical\" href=\"https:\/\/www.landolt-weine.ch\/cms\/ueber-landolt\/\" \/>\n<meta property=\"og:locale\" content=\"de_DE\" \/>\n<meta property=\"og:type\" content=\"article\" \/>\n<meta property=\"og:title\" content=\"F\u00fcr uns k\u00f6nnte es Merlot regnen - unsere Prinzipien und Werte\" \/>\n<meta property=\"og:description\" content=\"F\u00fcr uns k\u00f6nnte es Merlot regnen - Die Stadt Z\u00fcrich ist die Heimat von Landolt Weine und wir sind stolz, ein St\u00fcck lokale Weinkultur zu pr\u00e4gen.\" \/>\n<meta property=\"og:url\" content=\"https:\/\/www.landolt-weine.ch\/cms\/ueber-landolt\/\" \/>\n<meta property=\"og:site_name\" content=\"Landolt Weine\" \/>\n<meta property=\"article:publisher\" content=\"https:\/\/www.facebook.com\/landoltweine\/\" \/>\n<meta property=\"article:modified_time\" content=\"2024-12-10T07:50:35+00:00\" \/>\n<script type=\"application\/ld+json\" class=\"yoast-schema-graph\">{\"@context\":\"https:\\\/\\\/schema.org\",\"@graph\":[{\"@type\":\"WebPage\",\"@id\":\"https:\\\/\\\/www.landolt-weine.ch\\\/cms\\\/ueber-landolt\\\/\",\"url\":\"https:\\\/\\\/www.landolt-weine.ch\\\/cms\\\/ueber-landolt\\\/\",\"name\":\"F\u00fcr uns k\u00f6nnte es Merlot regnen - unsere Prinzipien und Werte\",\"isPartOf\":{\"@id\":\"https:\\\/\\\/www.landolt-weine.ch\\\/cms\\\/#website\"},\"datePublished\":\"2021-01-04T14:09:30+00:00\",\"dateModified\":\"2024-12-10T07:50:35+00:00\",\"description\":\"F\u00fcr uns k\u00f6nnte es Merlot regnen - Die Stadt Z\u00fcrich ist die Heimat von Landolt Weine und wir sind stolz, ein St\u00fcck lokale Weinkultur zu pr\u00e4gen.\",\"breadcrumb\":{\"@id\":\"https:\\\/\\\/www.landolt-weine.ch\\\/cms\\\/ueber-landolt\\\/#breadcrumb\"},\"inLanguage\":\"de-CH\",\"potentialAction\":[{\"@type\":\"ReadAction\",\"target\":[\"https:\\\/\\\/www.landolt-weine.ch\\\/cms\\\/ueber-landolt\\\/\"]}]},{\"@type\":\"BreadcrumbList\",\"@id\":\"https:\\\/\\\/www.landolt-weine.ch\\\/cms\\\/ueber-landolt\\\/#breadcrumb\",\"itemListElement\":[{\"@type\":\"ListItem\",\"position\":1,\"name\":\"Home\",\"item\":\"https:\\\/\\\/www.landolt-weine.ch\\\/cms\\\/\"},{\"@type\":\"ListItem\",\"position\":2,\"name\":\"F\u00fcr uns k\u00f6nnte es Merlot regnen\"}]},{\"@type\":\"WebSite\",\"@id\":\"https:\\\/\\\/www.landolt-weine.ch\\\/cms\\\/#website\",\"url\":\"https:\\\/\\\/www.landolt-weine.ch\\\/cms\\\/\",\"name\":\"Landolt Weine\",\"description\":\"\",\"publisher\":{\"@id\":\"https:\\\/\\\/www.landolt-weine.ch\\\/cms\\\/#organization\"},\"potentialAction\":[{\"@type\":\"SearchAction\",\"target\":{\"@type\":\"EntryPoint\",\"urlTemplate\":\"https:\\\/\\\/www.landolt-weine.ch\\\/cms\\\/?s={search_term_string}\"},\"query-input\":{\"@type\":\"PropertyValueSpecification\",\"valueRequired\":true,\"valueName\":\"search_term_string\"}}],\"inLanguage\":\"de-CH\"},{\"@type\":\"Organization\",\"@id\":\"https:\\\/\\\/www.landolt-weine.ch\\\/cms\\\/#organization\",\"name\":\"Landolt Weine\",\"url\":\"https:\\\/\\\/www.landolt-weine.ch\\\/cms\\\/\",\"logo\":{\"@type\":\"ImageObject\",\"inLanguage\":\"de-CH\",\"@id\":\"https:\\\/\\\/www.landolt-weine.ch\\\/cms\\\/#\\\/schema\\\/logo\\\/image\\\/\",\"url\":\"https:\\\/\\\/www.landolt-weine.ch\\\/cms\\\/wp-content\\\/uploads\\\/2021\\\/01\\\/landolt-logo.png\",\"contentUrl\":\"https:\\\/\\\/www.landolt-weine.ch\\\/cms\\\/wp-content\\\/uploads\\\/2021\\\/01\\\/landolt-logo.png\",\"width\":1000,\"height\":240,\"caption\":\"Landolt Weine\"},\"image\":{\"@id\":\"https:\\\/\\\/www.landolt-weine.ch\\\/cms\\\/#\\\/schema\\\/logo\\\/image\\\/\"},\"sameAs\":[\"https:\\\/\\\/www.facebook.com\\\/landoltweine\\\/\"]}]}<\/script>\n<!-- \/ Yoast SEO plugin. -->","yoast_head_json":{"title":"F\u00fcr uns k\u00f6nnte es Merlot regnen - unsere Prinzipien und Werte","description":"F\u00fcr uns k\u00f6nnte es Merlot regnen - Die Stadt Z\u00fcrich ist die Heimat von Landolt Weine und wir sind stolz, ein St\u00fcck lokale Weinkultur zu pr\u00e4gen.","robots":{"index":"index","follow":"follow","max-snippet":"max-snippet:-1","max-image-preview":"max-image-preview:large","max-video-preview":"max-video-preview:-1"},"canonical":"https:\/\/www.landolt-weine.ch\/cms\/ueber-landolt\/","og_locale":"de_DE","og_type":"article","og_title":"F\u00fcr uns k\u00f6nnte es Merlot regnen - unsere Prinzipien und Werte","og_description":"F\u00fcr uns k\u00f6nnte es Merlot regnen - Die Stadt Z\u00fcrich ist die Heimat von Landolt Weine und wir sind stolz, ein St\u00fcck lokale Weinkultur zu pr\u00e4gen.","og_url":"https:\/\/www.landolt-weine.ch\/cms\/ueber-landolt\/","og_site_name":"Landolt Weine","article_publisher":"https:\/\/www.facebook.com\/landoltweine\/","article_modified_time":"2024-12-10T07:50:35+00:00","schema":{"@context":"https:\/\/schema.org","@graph":[{"@type":"WebPage","@id":"https:\/\/www.landolt-weine.ch\/cms\/ueber-landolt\/","url":"https:\/\/www.landolt-weine.ch\/cms\/ueber-landolt\/","name":"F\u00fcr uns k\u00f6nnte es Merlot regnen - unsere Prinzipien und Werte","isPartOf":{"@id":"https:\/\/www.landolt-weine.ch\/cms\/#website"},"datePublished":"2021-01-04T14:09:30+00:00","dateModified":"2024-12-10T07:50:35+00:00","description":"F\u00fcr uns k\u00f6nnte es Merlot regnen - Die Stadt Z\u00fcrich ist die Heimat von Landolt Weine und wir sind stolz, ein St\u00fcck lokale Weinkultur zu pr\u00e4gen.","breadcrumb":{"@id":"https:\/\/www.landolt-weine.ch\/cms\/ueber-landolt\/#breadcrumb"},"inLanguage":"de-CH","potentialAction":[{"@type":"ReadAction","target":["https:\/\/www.landolt-weine.ch\/cms\/ueber-landolt\/"]}]},{"@type":"BreadcrumbList","@id":"https:\/\/www.landolt-weine.ch\/cms\/ueber-landolt\/#breadcrumb","itemListElement":[{"@type":"ListItem","position":1,"name":"Home","item":"https:\/\/www.landolt-weine.ch\/cms\/"},{"@type":"ListItem","position":2,"name":"F\u00fcr uns k\u00f6nnte es Merlot regnen"}]},{"@type":"WebSite","@id":"https:\/\/www.landolt-weine.ch\/cms\/#website","url":"https:\/\/www.landolt-weine.ch\/cms\/","name":"Landolt Weine","description":"","publisher":{"@id":"https:\/\/www.landolt-weine.ch\/cms\/#organization"},"potentialAction":[{"@type":"SearchAction","target":{"@type":"EntryPoint","urlTemplate":"https:\/\/www.landolt-weine.ch\/cms\/?s={search_term_string}"},"query-input":{"@type":"PropertyValueSpecification","valueRequired":true,"valueName":"search_term_string"}}],"inLanguage":"de-CH"},{"@type":"Organization","@id":"https:\/\/www.landolt-weine.ch\/cms\/#organization","name":"Landolt Weine","url":"https:\/\/www.landolt-weine.ch\/cms\/","logo":{"@type":"ImageObject","inLanguage":"de-CH","@id":"https:\/\/www.landolt-weine.ch\/cms\/#\/schema\/logo\/image\/","url":"https:\/\/www.landolt-weine.ch\/cms\/wp-content\/uploads\/2021\/01\/landolt-logo.png","contentUrl":"https:\/\/www.landolt-weine.ch\/cms\/wp-content\/uploads\/2021\/01\/landolt-logo.png","width":1000,"height":240,"caption":"Landolt Weine"},"image":{"@id":"https:\/\/www.landolt-weine.ch\/cms\/#\/schema\/logo\/image\/"},"sameAs":["https:\/\/www.facebook.com\/landoltweine\/"]}]}},"_links":{"self":[{"href":"https:\/\/www.landolt-weine.ch\/cms\/wp-json\/wp\/v2\/pages\/2923","targetHints":{"allow":["GET"]}}],"collection":[{"href":"https:\/\/www.landolt-weine.ch\/cms\/wp-json\/wp\/v2\/pages"}],"about":[{"href":"https:\/\/www.landolt-weine.ch\/cms\/wp-json\/wp\/v2\/types\/page"}],"author":[{"embeddable":true,"href":"https:\/\/www.landolt-weine.ch\/cms\/wp-json\/wp\/v2\/users\/2"}],"replies":[{"embeddable":true,"href":"https:\/\/www.landolt-weine.ch\/cms\/wp-json\/wp\/v2\/comments?post=2923"}],"version-history":[{"count":46,"href":"https:\/\/www.landolt-weine.ch\/cms\/wp-json\/wp\/v2\/pages\/2923\/revisions"}],"predecessor-version":[{"id":7582,"href":"https:\/\/www.landolt-weine.ch\/cms\/wp-json\/wp\/v2\/pages\/2923\/revisions\/7582"}],"wp:attachment":[{"href":"https:\/\/www.landolt-weine.ch\/cms\/wp-json\/wp\/v2\/media?parent=2923"}],"curies":[{"name":"wp","href":"https:\/\/api.w.org\/{rel}","templated":true}]}}