{"id":5605,"date":"2023-01-16T11:28:16","date_gmt":"2023-01-16T10:28:16","guid":{"rendered":"https:\/\/www.landolt-weine.ch\/cms\/?page_id=5605"},"modified":"2024-11-19T10:59:48","modified_gmt":"2024-11-19T09:59:48","slug":"wissenswertes","status":"publish","type":"page","link":"https:\/\/www.landolt-weine.ch\/cms\/wissenswertes\/","title":{"rendered":"Wissenswertes"},"content":{"rendered":"","protected":false},"excerpt":{"rendered":"","protected":false},"author":2,"featured_media":0,"parent":0,"menu_order":1,"comment_status":"closed","ping_status":"closed","template":"","meta":{"_acf_changed":false,"footnotes":""},"class_list":["post-5605","page","type-page","status-publish","hentry"],"acf":{"header_title":"Wissenswertes","header_subtitle":"\u00dcber uns","inhaltselemente":[{"acf_fc_layout":"image_text","image_text_titel":"Team","image_text_titel_typ":"h2__section-title","image_text_titel_fake":false,"image_text_subtitle":"\u00dcber uns","image_text_link":{"title":"","url":"https:\/\/www.landolt-weine.ch\/cms\/team\/","target":""},"image_text_content":"<p>Welche Charaktere Du bei uns in der Vinothek antriffst und was Du alles \u00fcber die Landolter wissen musst findest du hier \u2013 fest steht aber schon hier, dass alle mit Leib und Seele f\u00fcr Deinen edelsten Tropfen engagiert sind!<\/p>\n","image_text_text_as_lead":false,"image_text_bild":5695,"image_text_video":"","image_text_position_bild":"left","image_text_margin":"margin-after-big"},{"acf_fc_layout":"image_text","image_text_titel":"Philosophie","image_text_titel_typ":"h2__section-title","image_text_titel_fake":false,"image_text_subtitle":"\u00dcber uns","image_text_link":{"title":"","url":"https:\/\/www.landolt-weine.ch\/cms\/ueber-landolt\/","target":""},"image_text_content":"<p>Ganz egal aus welcher Region oder welche Traubensorte, wir lieben sie \u2013 die Rebens\u00e4fte, die so spannende Geschichten, nachhaltige Emotionen und langj\u00e4hrige, enge Freundschaften f\u00fcr uns bereithalten.<\/p>\n","image_text_text_as_lead":false,"image_text_bild":5692,"image_text_video":"","image_text_position_bild":"left","image_text_margin":"margin-after-big"},{"acf_fc_layout":"header","header_titel":"Weitere Themen","header_typ":"h2__section-title","header_fake":true},{"acf_fc_layout":"image_text","image_text_titel":"Die Wiege f\u00fcr unser Weinfachwissen","image_text_titel_typ":"h2__section-title","image_text_titel_fake":false,"image_text_subtitle":"Weingut Landolt","image_text_link":{"title":"Das Weingut Landolt \u2013 die Wiege f\u00fcr unser Weinfachwissen","url":"https:\/\/www.landolt-weine.ch\/cms\/weingut\/","target":""},"image_text_content":"","image_text_text_as_lead":false,"image_text_bild":7558,"image_text_video":"","image_text_position_bild":"right","image_text_margin":"margin-after-big"},{"acf_fc_layout":"image_text","image_text_titel":"Weinwanderung Stadt Z\u00fcrich","image_text_titel_typ":"h2__section-title","image_text_titel_fake":false,"image_text_subtitle":"Veranstaltungen","image_text_link":{"title":"Weinwanderung Stadt Z\u00fcrich","url":"https:\/\/www.landolt-weine.ch\/cms\/event\/zuercher-weinwanderung\/","target":""},"image_text_content":"<p>Rebbau in der Stadt \u2013 eine landwirtschaftliche Besonderheit, die nur wenige St\u00e4dte auf der Welt zu bieten haben. Wir schn\u00fcren unsere Wanderschuhe und nehmen Dich mit auf eine Entdeckerreise durch die Stadt.<\/p>\n","image_text_text_as_lead":false,"image_text_bild":7473,"image_text_video":"","image_text_position_bild":"left","image_text_margin":"margin-after-big"}],"headerbild":false,"hide_pagetitle":false},"yoast_head":"<!-- This site is optimized with the Yoast SEO plugin v27.5 - https:\/\/yoast.com\/product\/yoast-seo-wordpress\/ -->\n<title>Wissenswertes - Landolt Weine<\/title>\n<meta name=\"description\" content=\"Wissenswertes - Weine Online Shop - Weinhandel Z\u00fcrich - Die Stadt Z\u00fcrich ist Heimat von Landolt Weine. Der Familienbetrieb ist stolz, ein St\u00fcck lokale Weinkultur pr\u00e4gen zu d\u00fcrfen.\" \/>\n<meta name=\"robots\" content=\"index, follow, max-snippet:-1, max-image-preview:large, max-video-preview:-1\" \/>\n<link rel=\"canonical\" href=\"https:\/\/www.landolt-weine.ch\/cms\/wissenswertes\/\" \/>\n<meta property=\"og:locale\" content=\"de_DE\" \/>\n<meta property=\"og:type\" content=\"article\" \/>\n<meta property=\"og:title\" content=\"Wissenswertes - Landolt Weine\" \/>\n<meta property=\"og:description\" content=\"Wissenswertes - Weine Online Shop - Weinhandel Z\u00fcrich - Die Stadt Z\u00fcrich ist Heimat von Landolt Weine. Der Familienbetrieb ist stolz, ein St\u00fcck lokale Weinkultur pr\u00e4gen zu d\u00fcrfen.\" \/>\n<meta property=\"og:url\" content=\"https:\/\/www.landolt-weine.ch\/cms\/wissenswertes\/\" \/>\n<meta property=\"og:site_name\" content=\"Landolt Weine\" \/>\n<meta property=\"article:publisher\" content=\"https:\/\/www.facebook.com\/landoltweine\/\" \/>\n<meta property=\"article:modified_time\" content=\"2024-11-19T09:59:48+00:00\" \/>\n<script type=\"application\/ld+json\" class=\"yoast-schema-graph\">{\"@context\":\"https:\\\/\\\/schema.org\",\"@graph\":[{\"@type\":\"WebPage\",\"@id\":\"https:\\\/\\\/www.landolt-weine.ch\\\/cms\\\/wissenswertes\\\/\",\"url\":\"https:\\\/\\\/www.landolt-weine.ch\\\/cms\\\/wissenswertes\\\/\",\"name\":\"Wissenswertes - Landolt Weine\",\"isPartOf\":{\"@id\":\"https:\\\/\\\/www.landolt-weine.ch\\\/cms\\\/#website\"},\"datePublished\":\"2023-01-16T10:28:16+00:00\",\"dateModified\":\"2024-11-19T09:59:48+00:00\",\"description\":\"Wissenswertes - Weine Online Shop - Weinhandel Z\u00fcrich - Die Stadt Z\u00fcrich ist Heimat von Landolt Weine. Der Familienbetrieb ist stolz, ein St\u00fcck lokale Weinkultur pr\u00e4gen zu d\u00fcrfen.\",\"breadcrumb\":{\"@id\":\"https:\\\/\\\/www.landolt-weine.ch\\\/cms\\\/wissenswertes\\\/#breadcrumb\"},\"inLanguage\":\"de-CH\",\"potentialAction\":[{\"@type\":\"ReadAction\",\"target\":[\"https:\\\/\\\/www.landolt-weine.ch\\\/cms\\\/wissenswertes\\\/\"]}]},{\"@type\":\"BreadcrumbList\",\"@id\":\"https:\\\/\\\/www.landolt-weine.ch\\\/cms\\\/wissenswertes\\\/#breadcrumb\",\"itemListElement\":[{\"@type\":\"ListItem\",\"position\":1,\"name\":\"Home\",\"item\":\"https:\\\/\\\/www.landolt-weine.ch\\\/cms\\\/\"},{\"@type\":\"ListItem\",\"position\":2,\"name\":\"Wissenswertes\"}]},{\"@type\":\"WebSite\",\"@id\":\"https:\\\/\\\/www.landolt-weine.ch\\\/cms\\\/#website\",\"url\":\"https:\\\/\\\/www.landolt-weine.ch\\\/cms\\\/\",\"name\":\"Landolt Weine\",\"description\":\"\",\"publisher\":{\"@id\":\"https:\\\/\\\/www.landolt-weine.ch\\\/cms\\\/#organization\"},\"potentialAction\":[{\"@type\":\"SearchAction\",\"target\":{\"@type\":\"EntryPoint\",\"urlTemplate\":\"https:\\\/\\\/www.landolt-weine.ch\\\/cms\\\/?s={search_term_string}\"},\"query-input\":{\"@type\":\"PropertyValueSpecification\",\"valueRequired\":true,\"valueName\":\"search_term_string\"}}],\"inLanguage\":\"de-CH\"},{\"@type\":\"Organization\",\"@id\":\"https:\\\/\\\/www.landolt-weine.ch\\\/cms\\\/#organization\",\"name\":\"Landolt Weine\",\"url\":\"https:\\\/\\\/www.landolt-weine.ch\\\/cms\\\/\",\"logo\":{\"@type\":\"ImageObject\",\"inLanguage\":\"de-CH\",\"@id\":\"https:\\\/\\\/www.landolt-weine.ch\\\/cms\\\/#\\\/schema\\\/logo\\\/image\\\/\",\"url\":\"https:\\\/\\\/www.landolt-weine.ch\\\/cms\\\/wp-content\\\/uploads\\\/2021\\\/01\\\/landolt-logo.png\",\"contentUrl\":\"https:\\\/\\\/www.landolt-weine.ch\\\/cms\\\/wp-content\\\/uploads\\\/2021\\\/01\\\/landolt-logo.png\",\"width\":1000,\"height\":240,\"caption\":\"Landolt Weine\"},\"image\":{\"@id\":\"https:\\\/\\\/www.landolt-weine.ch\\\/cms\\\/#\\\/schema\\\/logo\\\/image\\\/\"},\"sameAs\":[\"https:\\\/\\\/www.facebook.com\\\/landoltweine\\\/\"]}]}<\/script>\n<!-- \/ Yoast SEO plugin. -->","yoast_head_json":{"title":"Wissenswertes - Landolt Weine","description":"Wissenswertes - Weine Online Shop - Weinhandel Z\u00fcrich - Die Stadt Z\u00fcrich ist Heimat von Landolt Weine. Der Familienbetrieb ist stolz, ein St\u00fcck lokale Weinkultur pr\u00e4gen zu d\u00fcrfen.","robots":{"index":"index","follow":"follow","max-snippet":"max-snippet:-1","max-image-preview":"max-image-preview:large","max-video-preview":"max-video-preview:-1"},"canonical":"https:\/\/www.landolt-weine.ch\/cms\/wissenswertes\/","og_locale":"de_DE","og_type":"article","og_title":"Wissenswertes - Landolt Weine","og_description":"Wissenswertes - Weine Online Shop - Weinhandel Z\u00fcrich - Die Stadt Z\u00fcrich ist Heimat von Landolt Weine. Der Familienbetrieb ist stolz, ein St\u00fcck lokale Weinkultur pr\u00e4gen zu d\u00fcrfen.","og_url":"https:\/\/www.landolt-weine.ch\/cms\/wissenswertes\/","og_site_name":"Landolt Weine","article_publisher":"https:\/\/www.facebook.com\/landoltweine\/","article_modified_time":"2024-11-19T09:59:48+00:00","schema":{"@context":"https:\/\/schema.org","@graph":[{"@type":"WebPage","@id":"https:\/\/www.landolt-weine.ch\/cms\/wissenswertes\/","url":"https:\/\/www.landolt-weine.ch\/cms\/wissenswertes\/","name":"Wissenswertes - Landolt Weine","isPartOf":{"@id":"https:\/\/www.landolt-weine.ch\/cms\/#website"},"datePublished":"2023-01-16T10:28:16+00:00","dateModified":"2024-11-19T09:59:48+00:00","description":"Wissenswertes - Weine Online Shop - Weinhandel Z\u00fcrich - Die Stadt Z\u00fcrich ist Heimat von Landolt Weine. Der Familienbetrieb ist stolz, ein St\u00fcck lokale Weinkultur pr\u00e4gen zu d\u00fcrfen.","breadcrumb":{"@id":"https:\/\/www.landolt-weine.ch\/cms\/wissenswertes\/#breadcrumb"},"inLanguage":"de-CH","potentialAction":[{"@type":"ReadAction","target":["https:\/\/www.landolt-weine.ch\/cms\/wissenswertes\/"]}]},{"@type":"BreadcrumbList","@id":"https:\/\/www.landolt-weine.ch\/cms\/wissenswertes\/#breadcrumb","itemListElement":[{"@type":"ListItem","position":1,"name":"Home","item":"https:\/\/www.landolt-weine.ch\/cms\/"},{"@type":"ListItem","position":2,"name":"Wissenswertes"}]},{"@type":"WebSite","@id":"https:\/\/www.landolt-weine.ch\/cms\/#website","url":"https:\/\/www.landolt-weine.ch\/cms\/","name":"Landolt Weine","description":"","publisher":{"@id":"https:\/\/www.landolt-weine.ch\/cms\/#organization"},"potentialAction":[{"@type":"SearchAction","target":{"@type":"EntryPoint","urlTemplate":"https:\/\/www.landolt-weine.ch\/cms\/?s={search_term_string}"},"query-input":{"@type":"PropertyValueSpecification","valueRequired":true,"valueName":"search_term_string"}}],"inLanguage":"de-CH"},{"@type":"Organization","@id":"https:\/\/www.landolt-weine.ch\/cms\/#organization","name":"Landolt Weine","url":"https:\/\/www.landolt-weine.ch\/cms\/","logo":{"@type":"ImageObject","inLanguage":"de-CH","@id":"https:\/\/www.landolt-weine.ch\/cms\/#\/schema\/logo\/image\/","url":"https:\/\/www.landolt-weine.ch\/cms\/wp-content\/uploads\/2021\/01\/landolt-logo.png","contentUrl":"https:\/\/www.landolt-weine.ch\/cms\/wp-content\/uploads\/2021\/01\/landolt-logo.png","width":1000,"height":240,"caption":"Landolt Weine"},"image":{"@id":"https:\/\/www.landolt-weine.ch\/cms\/#\/schema\/logo\/image\/"},"sameAs":["https:\/\/www.facebook.com\/landoltweine\/"]}]}},"_links":{"self":[{"href":"https:\/\/www.landolt-weine.ch\/cms\/wp-json\/wp\/v2\/pages\/5605","targetHints":{"allow":["GET"]}}],"collection":[{"href":"https:\/\/www.landolt-weine.ch\/cms\/wp-json\/wp\/v2\/pages"}],"about":[{"href":"https:\/\/www.landolt-weine.ch\/cms\/wp-json\/wp\/v2\/types\/page"}],"author":[{"embeddable":true,"href":"https:\/\/www.landolt-weine.ch\/cms\/wp-json\/wp\/v2\/users\/2"}],"replies":[{"embeddable":true,"href":"https:\/\/www.landolt-weine.ch\/cms\/wp-json\/wp\/v2\/comments?post=5605"}],"version-history":[{"count":25,"href":"https:\/\/www.landolt-weine.ch\/cms\/wp-json\/wp\/v2\/pages\/5605\/revisions"}],"predecessor-version":[{"id":7560,"href":"https:\/\/www.landolt-weine.ch\/cms\/wp-json\/wp\/v2\/pages\/5605\/revisions\/7560"}],"wp:attachment":[{"href":"https:\/\/www.landolt-weine.ch\/cms\/wp-json\/wp\/v2\/media?parent=5605"}],"curies":[{"name":"wp","href":"https:\/\/api.w.org\/{rel}","templated":true}]}}