{"id":6,"date":"2020-10-21T09:14:11","date_gmt":"2020-10-21T09:14:11","guid":{"rendered":"https:\/\/www.landolt-weine.ch\/cms\/?page_id=6"},"modified":"2026-01-04T21:38:39","modified_gmt":"2026-01-04T20:38:39","slug":"kontakt","status":"publish","type":"page","link":"https:\/\/www.landolt-weine.ch\/cms\/kontakt\/","title":{"rendered":"Kontakt"},"content":{"rendered":"","protected":false},"excerpt":{"rendered":"<p>Im Z\u00fcrcher Trend-Quartier Binz gelegen, ist die Landolt Weine AG mit PW oder \u00f6V bestens erreichbar.<\/p>\n","protected":false},"author":2,"featured_media":0,"parent":0,"menu_order":6,"comment_status":"closed","ping_status":"closed","template":"","meta":{"_acf_changed":false,"footnotes":""},"class_list":["post-6","page","type-page","status-publish","hentry"],"acf":{"inhaltselemente":[{"acf_fc_layout":"image_text","image_text_titel":"Der direkte Weg zu Landolt","image_text_titel_typ":"1","image_text_titel_fake":false,"image_text_subtitle":"","image_text_link":"","image_text_content":"<p>Im Z\u00fcrcher Trend-Quartier Binz gelegen, ist die Landolt Weine AG mit PW oder \u00d6V bestens erreichbar.<\/p>\n<p>&nbsp;<\/p>\n<p><a class=\"btn btn-primary\" href=\"https:\/\/www.google.com\/maps?ll=47.360606,8.516444&amp;z=14&amp;t=m&amp;hl=de-DE&amp;gl=CH&amp;mapclient=embed&amp;cid=4457594373100354875\" target=\"_blank\" rel=\"noopener\">Google Maps anzeigen<\/a><\/p>\n","image_text_text_as_lead":true,"image_text_bild":3079,"image_text_video":"","image_text_position_bild":"right","image_text_margin":""},{"acf_fc_layout":"einspalter_text","einspalter_text_titel":"\u00d6ffnungszeiten","einspalter_text_titel_typ":"2","einspalter_text_titel_fake":false,"einspalter_text_content":"<p>Dienstag bis Freitag\u00a0 \u00a0 \u00a010 bis 19 Uhr<br \/>\nSamstag\u00a0 \u00a0 \u00a0 \u00a0 \u00a0 \u00a0 \u00a0 \u00a0 \u00a0 \u00a0 \u00a0 \u00a010 bis 16 Uhr<\/p>\n","einspalter_text_margin":"margin-after-default"},{"acf_fc_layout":"einspalter_text","einspalter_text_titel":"Adresse","einspalter_text_titel_typ":"2","einspalter_text_titel_fake":false,"einspalter_text_content":"<p>Landolt Weine AG<br \/>\nUetlibergstrasse 130<br \/>\nCH-8045 Z\u00fcrich<\/p>\n<p>Tel. +41 44 283 26 26<br \/>\n<a href=\"mailto:contact@landolt-weine.ch\">contact@landolt-weine.ch<\/a><\/p>\n","einspalter_text_margin":"margin-after-default"},{"acf_fc_layout":"einspalter_text","einspalter_text_titel":"Anfahrt","einspalter_text_titel_typ":"2","einspalter_text_titel_fake":false,"einspalter_text_content":"<p><span style=\"color: #000000;\"><span style=\"color: #1f3860;\"><strong>Tram:<\/strong><\/span><br \/>\n<\/span><span style=\"color: #000000;\">m<\/span>it den Tramlinien 5, 10 oder 13 bis Haltestelle Laubegg, danach 200 Meter in Richtung Bahnhof Binz.<\/p>\n<p><strong><span style=\"color: #000000;\"><span style=\"color: #1f3860;\">Zug:<\/span><br \/>\n<\/span><\/strong>Bahnhof Binz, danach 300 Meter die Uetlibergstrasse hoch.<\/p>\n<p><span style=\"color: #1f3860;\"><strong>Auto:<\/strong><br \/>\n<\/span>Autobahnausfahrt Brunau, bei der Saalsporthalle links abbiegen, am Einkaufszentrum Brunaupark vorbei, dann rechts abbiegen und bis zur Uetlibergstrasse 130, Parkpl\u00e4tze vor der T\u00fcr.<\/p>\n","einspalter_text_margin":"margin-after-big"},{"acf_fc_layout":"teammitglieder","teammitglieder_titel":"Gastgeber & Kundendienst","teammitglieder_titel_typ":"h2__section-title","teammitglieder_titel_fake":false,"teammitglieder_teammitglieder":[4282,3044,5506],"teammitglieder_margin":"margin-after-big"},{"acf_fc_layout":"header","header_titel":"Weitere Themen","header_typ":"h2__section-title","header_fake":true},{"acf_fc_layout":"image_text","image_text_titel":"Dein Event nach Mass","image_text_titel_typ":"h2__section-title","image_text_titel_fake":false,"image_text_subtitle":"Veranstaltungen ","image_text_link":{"title":"Dein Event nach Mass","url":"https:\/\/www.landolt-weine.ch\/cms\/event\/dein-event-nach-mass\/","target":""},"image_text_content":"<p>Umgeben von erlesenen Weinen und einem einzigartigen Ambiente bieten wir Ihnen einen Anlass erster G\u00fcte. Es erwartet Sie eine stilvoll eingerichtete Lokalit\u00e4t und ein engagiertes, fachkundiges Team.<\/p>\n","image_text_text_as_lead":false,"image_text_bild":3134,"image_text_video":"","image_text_position_bild":"right","image_text_margin":""},{"acf_fc_layout":"image_text","image_text_titel":"Mit Leib und Seele f\u00fcr Deinen edelsten Tropfen engagiert","image_text_titel_typ":"h2__section-title","image_text_titel_fake":false,"image_text_subtitle":"Landolt Team","image_text_link":{"title":"","url":"\/cms\/team\/","target":""},"image_text_content":"","image_text_text_as_lead":false,"image_text_bild":5695,"image_text_video":"","image_text_position_bild":"left","image_text_margin":"margin-after-big"}],"headerbild":false,"header_subtitle":"","leadtext":"","hide_pagetitle":true,"header_title":""},"yoast_head":"<!-- This site is optimized with the Yoast SEO plugin v27.5 - https:\/\/yoast.com\/product\/yoast-seo-wordpress\/ -->\n<title>So finden Sie uns und unsere Vinothek in der Binz in Z\u00fcrich<\/title>\n<meta name=\"description\" content=\"Kontakt - Die Stadt Z\u00fcrich ist die Heimat von Landolt Weine und wir sind stolz, ein St\u00fcck lokale Weinkultur zu pr\u00e4gen.\" \/>\n<meta name=\"robots\" content=\"index, follow, max-snippet:-1, max-image-preview:large, max-video-preview:-1\" \/>\n<link rel=\"canonical\" href=\"https:\/\/www.landolt-weine.ch\/cms\/kontakt\/\" \/>\n<meta property=\"og:locale\" content=\"de_DE\" \/>\n<meta property=\"og:type\" content=\"article\" \/>\n<meta property=\"og:title\" content=\"So finden Sie uns und unsere Vinothek in der Binz in Z\u00fcrich\" \/>\n<meta property=\"og:description\" content=\"Kontakt - Die Stadt Z\u00fcrich ist die Heimat von Landolt Weine und wir sind stolz, ein St\u00fcck lokale Weinkultur zu pr\u00e4gen.\" \/>\n<meta property=\"og:url\" content=\"https:\/\/www.landolt-weine.ch\/cms\/kontakt\/\" \/>\n<meta property=\"og:site_name\" content=\"Landolt Weine\" \/>\n<meta property=\"article:publisher\" content=\"https:\/\/www.facebook.com\/landoltweine\/\" \/>\n<meta property=\"article:modified_time\" content=\"2026-01-04T20:38:39+00:00\" \/>\n<script type=\"application\/ld+json\" class=\"yoast-schema-graph\">{\"@context\":\"https:\\\/\\\/schema.org\",\"@graph\":[{\"@type\":\"WebPage\",\"@id\":\"https:\\\/\\\/www.landolt-weine.ch\\\/cms\\\/kontakt\\\/\",\"url\":\"https:\\\/\\\/www.landolt-weine.ch\\\/cms\\\/kontakt\\\/\",\"name\":\"So finden Sie uns und unsere Vinothek in der Binz in Z\u00fcrich\",\"isPartOf\":{\"@id\":\"https:\\\/\\\/www.landolt-weine.ch\\\/cms\\\/#website\"},\"datePublished\":\"2020-10-21T09:14:11+00:00\",\"dateModified\":\"2026-01-04T20:38:39+00:00\",\"description\":\"Kontakt - Die Stadt Z\u00fcrich ist die Heimat von Landolt Weine und wir sind stolz, ein St\u00fcck lokale Weinkultur zu pr\u00e4gen.\",\"breadcrumb\":{\"@id\":\"https:\\\/\\\/www.landolt-weine.ch\\\/cms\\\/kontakt\\\/#breadcrumb\"},\"inLanguage\":\"de-CH\",\"potentialAction\":[{\"@type\":\"ReadAction\",\"target\":[\"https:\\\/\\\/www.landolt-weine.ch\\\/cms\\\/kontakt\\\/\"]}]},{\"@type\":\"BreadcrumbList\",\"@id\":\"https:\\\/\\\/www.landolt-weine.ch\\\/cms\\\/kontakt\\\/#breadcrumb\",\"itemListElement\":[{\"@type\":\"ListItem\",\"position\":1,\"name\":\"Home\",\"item\":\"https:\\\/\\\/www.landolt-weine.ch\\\/cms\\\/\"},{\"@type\":\"ListItem\",\"position\":2,\"name\":\"Kontakt\"}]},{\"@type\":\"WebSite\",\"@id\":\"https:\\\/\\\/www.landolt-weine.ch\\\/cms\\\/#website\",\"url\":\"https:\\\/\\\/www.landolt-weine.ch\\\/cms\\\/\",\"name\":\"Landolt Weine\",\"description\":\"\",\"publisher\":{\"@id\":\"https:\\\/\\\/www.landolt-weine.ch\\\/cms\\\/#organization\"},\"potentialAction\":[{\"@type\":\"SearchAction\",\"target\":{\"@type\":\"EntryPoint\",\"urlTemplate\":\"https:\\\/\\\/www.landolt-weine.ch\\\/cms\\\/?s={search_term_string}\"},\"query-input\":{\"@type\":\"PropertyValueSpecification\",\"valueRequired\":true,\"valueName\":\"search_term_string\"}}],\"inLanguage\":\"de-CH\"},{\"@type\":\"Organization\",\"@id\":\"https:\\\/\\\/www.landolt-weine.ch\\\/cms\\\/#organization\",\"name\":\"Landolt Weine\",\"url\":\"https:\\\/\\\/www.landolt-weine.ch\\\/cms\\\/\",\"logo\":{\"@type\":\"ImageObject\",\"inLanguage\":\"de-CH\",\"@id\":\"https:\\\/\\\/www.landolt-weine.ch\\\/cms\\\/#\\\/schema\\\/logo\\\/image\\\/\",\"url\":\"https:\\\/\\\/www.landolt-weine.ch\\\/cms\\\/wp-content\\\/uploads\\\/2021\\\/01\\\/landolt-logo.png\",\"contentUrl\":\"https:\\\/\\\/www.landolt-weine.ch\\\/cms\\\/wp-content\\\/uploads\\\/2021\\\/01\\\/landolt-logo.png\",\"width\":1000,\"height\":240,\"caption\":\"Landolt Weine\"},\"image\":{\"@id\":\"https:\\\/\\\/www.landolt-weine.ch\\\/cms\\\/#\\\/schema\\\/logo\\\/image\\\/\"},\"sameAs\":[\"https:\\\/\\\/www.facebook.com\\\/landoltweine\\\/\"]}]}<\/script>\n<!-- \/ Yoast SEO plugin. -->","yoast_head_json":{"title":"So finden Sie uns und unsere Vinothek in der Binz in Z\u00fcrich","description":"Kontakt - Die Stadt Z\u00fcrich ist die Heimat von Landolt Weine und wir sind stolz, ein St\u00fcck lokale Weinkultur zu pr\u00e4gen.","robots":{"index":"index","follow":"follow","max-snippet":"max-snippet:-1","max-image-preview":"max-image-preview:large","max-video-preview":"max-video-preview:-1"},"canonical":"https:\/\/www.landolt-weine.ch\/cms\/kontakt\/","og_locale":"de_DE","og_type":"article","og_title":"So finden Sie uns und unsere Vinothek in der Binz in Z\u00fcrich","og_description":"Kontakt - Die Stadt Z\u00fcrich ist die Heimat von Landolt Weine und wir sind stolz, ein St\u00fcck lokale Weinkultur zu pr\u00e4gen.","og_url":"https:\/\/www.landolt-weine.ch\/cms\/kontakt\/","og_site_name":"Landolt Weine","article_publisher":"https:\/\/www.facebook.com\/landoltweine\/","article_modified_time":"2026-01-04T20:38:39+00:00","schema":{"@context":"https:\/\/schema.org","@graph":[{"@type":"WebPage","@id":"https:\/\/www.landolt-weine.ch\/cms\/kontakt\/","url":"https:\/\/www.landolt-weine.ch\/cms\/kontakt\/","name":"So finden Sie uns und unsere Vinothek in der Binz in Z\u00fcrich","isPartOf":{"@id":"https:\/\/www.landolt-weine.ch\/cms\/#website"},"datePublished":"2020-10-21T09:14:11+00:00","dateModified":"2026-01-04T20:38:39+00:00","description":"Kontakt - Die Stadt Z\u00fcrich ist die Heimat von Landolt Weine und wir sind stolz, ein St\u00fcck lokale Weinkultur zu pr\u00e4gen.","breadcrumb":{"@id":"https:\/\/www.landolt-weine.ch\/cms\/kontakt\/#breadcrumb"},"inLanguage":"de-CH","potentialAction":[{"@type":"ReadAction","target":["https:\/\/www.landolt-weine.ch\/cms\/kontakt\/"]}]},{"@type":"BreadcrumbList","@id":"https:\/\/www.landolt-weine.ch\/cms\/kontakt\/#breadcrumb","itemListElement":[{"@type":"ListItem","position":1,"name":"Home","item":"https:\/\/www.landolt-weine.ch\/cms\/"},{"@type":"ListItem","position":2,"name":"Kontakt"}]},{"@type":"WebSite","@id":"https:\/\/www.landolt-weine.ch\/cms\/#website","url":"https:\/\/www.landolt-weine.ch\/cms\/","name":"Landolt Weine","description":"","publisher":{"@id":"https:\/\/www.landolt-weine.ch\/cms\/#organization"},"potentialAction":[{"@type":"SearchAction","target":{"@type":"EntryPoint","urlTemplate":"https:\/\/www.landolt-weine.ch\/cms\/?s={search_term_string}"},"query-input":{"@type":"PropertyValueSpecification","valueRequired":true,"valueName":"search_term_string"}}],"inLanguage":"de-CH"},{"@type":"Organization","@id":"https:\/\/www.landolt-weine.ch\/cms\/#organization","name":"Landolt Weine","url":"https:\/\/www.landolt-weine.ch\/cms\/","logo":{"@type":"ImageObject","inLanguage":"de-CH","@id":"https:\/\/www.landolt-weine.ch\/cms\/#\/schema\/logo\/image\/","url":"https:\/\/www.landolt-weine.ch\/cms\/wp-content\/uploads\/2021\/01\/landolt-logo.png","contentUrl":"https:\/\/www.landolt-weine.ch\/cms\/wp-content\/uploads\/2021\/01\/landolt-logo.png","width":1000,"height":240,"caption":"Landolt Weine"},"image":{"@id":"https:\/\/www.landolt-weine.ch\/cms\/#\/schema\/logo\/image\/"},"sameAs":["https:\/\/www.facebook.com\/landoltweine\/"]}]}},"_links":{"self":[{"href":"https:\/\/www.landolt-weine.ch\/cms\/wp-json\/wp\/v2\/pages\/6","targetHints":{"allow":["GET"]}}],"collection":[{"href":"https:\/\/www.landolt-weine.ch\/cms\/wp-json\/wp\/v2\/pages"}],"about":[{"href":"https:\/\/www.landolt-weine.ch\/cms\/wp-json\/wp\/v2\/types\/page"}],"author":[{"embeddable":true,"href":"https:\/\/www.landolt-weine.ch\/cms\/wp-json\/wp\/v2\/users\/2"}],"replies":[{"embeddable":true,"href":"https:\/\/www.landolt-weine.ch\/cms\/wp-json\/wp\/v2\/comments?post=6"}],"version-history":[{"count":116,"href":"https:\/\/www.landolt-weine.ch\/cms\/wp-json\/wp\/v2\/pages\/6\/revisions"}],"predecessor-version":[{"id":8390,"href":"https:\/\/www.landolt-weine.ch\/cms\/wp-json\/wp\/v2\/pages\/6\/revisions\/8390"}],"wp:attachment":[{"href":"https:\/\/www.landolt-weine.ch\/cms\/wp-json\/wp\/v2\/media?parent=6"}],"curies":[{"name":"wp","href":"https:\/\/api.w.org\/{rel}","templated":true}]}}