{"id":8468,"date":"2026-03-25T14:51:00","date_gmt":"2026-03-25T13:51:00","guid":{"rendered":"https:\/\/www.landolt-weine.ch\/cms\/?page_id=8468"},"modified":"2026-03-30T09:46:26","modified_gmt":"2026-03-30T07:46:26","slug":"firmenkunden","status":"publish","type":"page","link":"https:\/\/www.landolt-weine.ch\/cms\/firmenkunden\/","title":{"rendered":"Firmenkunden"},"content":{"rendered":"\n<p>Dein Weinpartner f\u00fcr Kundengeschenke, Events und massgeschneiderte L\u00f6sungen.<\/p>\n\n\n\n<p><\/p>\n","protected":false},"excerpt":{"rendered":"<p>Dein Weinpartner f\u00fcr Kundengeschenke, Events und massgeschneiderte L\u00f6sungen.<\/p>\n","protected":false},"author":5,"featured_media":8469,"parent":0,"menu_order":7,"comment_status":"closed","ping_status":"closed","template":"","meta":{"_acf_changed":false,"footnotes":""},"class_list":["post-8468","page","type-page","status-publish","has-post-thumbnail","hentry"],"acf":{"headerbild":7198,"header_subtitle":"","hide_pagetitle":false,"inhaltselemente":[{"acf_fc_layout":"einspalter_text","einspalter_text_titel":"Landolt Weine - Werte, die verbinden","einspalter_text_titel_typ":"h2__section-title","einspalter_text_titel_fake":false,"einspalter_text_content":"<p>Landolt Weine steht seit \u00fcber 190 Jahren f\u00fcr Leidenschaft, Kompetenz und pers\u00f6nliche Beratung rund um Wein. Wir verbinden Tradition mit Neugier, Qualit\u00e4t mit Freude am Genuss \u2013 und entwickeln individuelle Weinl\u00f6sungen f\u00fcr Firmenkunden jeder Gr\u00f6sse.<\/p>\n<p>Ob exklusives Kundengeschenk, stilvoller Mitarbeiterevent oder ein eigenes Private Label: Wir begleiten Dich von der ersten Idee bis zur perfekten Umsetzung. Pers\u00f6nlich, unkompliziert und mit feinem Gesp\u00fcr f\u00fcr einen Auftritt, der in Erinnerung bleibt.<\/p>\n","einspalter_text_margin":"margin-after-big"},{"acf_fc_layout":"image_text","image_text_titel":"Weinkauf & pers\u00f6nliche Beratung","image_text_titel_typ":"h2__section-title","image_text_titel_fake":false,"image_text_subtitle":"","image_text_link":"","image_text_content":"<p>Du suchst Wein f\u00fcr einen Anlass in Deiner Firma \u2013 oder m\u00f6chtest Dein Unternehmen auch im Alltag genussvoll positionieren? Wir beraten Dich pers\u00f6nlich und stellen ein Sortiment zusammen, das perfekt zu Deine Philosophie, Deinem Anlass, und Deinem Budget passt.<\/p>\n<ul>\n<li>Pers\u00f6nliche Beratung<\/li>\n<li>Individuell kuratierte Weinauswahl<\/li>\n<li>Zuverl\u00e4ssige, termingerechte Lieferung in der ganzen Schweiz<\/li>\n<\/ul>\n","image_text_text_as_lead":false,"image_text_bild":8513,"image_text_video":"","image_text_position_bild":"right","image_text_margin":"margin-after-big"},{"acf_fc_layout":"image_text","image_text_titel":"Personalisierte Weingeschenke","image_text_titel_typ":"h2__section-title","image_text_titel_fake":false,"image_text_subtitle":"","image_text_link":"","image_text_content":"<p>Wir gestalten individuelle und personalisierte Weingeschenke, die Wertsch\u00e4tzung stilvoll zum Ausdruck bringen \u2013 hochwertig, durchdacht und perfekt auf Dein Unternehmen abgestimmt.<\/p>\n<p>Ideal f\u00fcr:<\/p>\n<ul>\n<li>Jubil\u00e4ums-, Weihnachts- und Geburtstagsgeschenke f\u00fcr Dein Team<\/li>\n<li>Kundengeschenke und Dankesch\u00f6n-Aktionen<\/li>\n<li>Weihnachtsgeschenke und Jahresendgr\u00fcsse<\/li>\n<li>Firmenanl\u00e4sse oder besondere Meilensteine<\/li>\n<\/ul>\n<p>Deine M\u00f6glichkeiten:<\/p>\n<ul>\n<li>Pers\u00f6nliche Grusskarten oder Beileger<\/li>\n<li>Personalisierte Geschenkverpackungen mit Deinem Logo, Farben, etc.<\/li>\n<li>Einzelversand an verschiedene Adressen oder Serienversand<\/li>\n<li>Komplette Abwicklung von Verpacken und Versand durch uns<\/li>\n<\/ul>\n","image_text_text_as_lead":false,"image_text_bild":7213,"image_text_video":"","image_text_position_bild":"left","image_text_margin":"margin-after-big"},{"acf_fc_layout":"image_text","image_text_titel":"Events nach Mass","image_text_titel_typ":"h2__section-title","image_text_titel_fake":false,"image_text_subtitle":"","image_text_link":"","image_text_content":"<p>Ob in unserer Vinothek mitten in Z\u00fcrich oder bei Dir vor Ort &#8211; wir schaffen den passenden Rahmen f\u00fcr genussvolle Momente.<\/p>\n<p>Unsere Weinerlebnisse bringen Menschen zusammen, f\u00f6rdern Austausch und bleiben in bester Erinnerung. Ob Kundenanlass, Team-Event oder exklusiver Firmenap\u00e9ro: Wir konzipieren Deinen Anlass individuell und begleiten Dich von der Idee bis zur Umsetzung.<\/p>\n<p>Unsere Eventm\u00f6glichkeiten:<\/p>\n<ul>\n<li>Unsere Vinothek exklusiv mieten (wir bauen unsere Vinothek nach Deinen Vorstellungen um)<\/li>\n<li>Degustationen mit Deinem Wunschthema<\/li>\n<li>Weinwanderungen durch die Stadt Z\u00fcrich<\/li>\n<li>Firmenap\u00e9ro mit professioneller Weinbegleitung<\/li>\n<\/ul>\n","image_text_text_as_lead":false,"image_text_bild":5441,"image_text_video":"","image_text_position_bild":"right","image_text_margin":"margin-after-big"},{"acf_fc_layout":"image_text","image_text_titel":"Private Label","image_text_titel_typ":"h2__section-title","image_text_titel_fake":false,"image_text_subtitle":"","image_text_link":"","image_text_content":"<p>Dein Name. Dein Design. Dein Wein.<\/p>\n<p>Mit einem Private Label kreierst du deinen eigenen Firmenwein \u2013 perfekt als exklusives Geschenk oder sympathischer Markenbotschafter.<\/p>\n<ul>\n<li>Unterst\u00fctzung bei Weinauswahl und Stil<\/li>\n<li>Individuelles Etikettendesign<\/li>\n<li>Abwicklung von Produktion bis Lieferung<\/li>\n<\/ul>\n","image_text_text_as_lead":false,"image_text_bild":8615,"image_text_video":"","image_text_position_bild":"left","image_text_margin":"margin-after-big"},{"acf_fc_layout":"image_text","image_text_titel":"Valduero Barrel-Club","image_text_titel_typ":"h2__section-title","image_text_titel_fake":false,"image_text_subtitle":"","image_text_link":"","image_text_content":"<p>Ein eigenes Weinfass \u2013 welcher Weinfreund tr\u00e4umt nicht davon? Gemeinsam mit Bodegas Valduero, einem der ersten und heute f\u00fchrenden Weing\u00fcter der Ribera del Duero, erm\u00f6glichen wir Dir den Zugang zu einem aussergew\u00f6hnlichen Erlebnis: dem exklusiven Barrel Club.<\/p>\n<p>&nbsp;<\/p>\n","image_text_text_as_lead":false,"image_text_bild":7147,"image_text_video":"","image_text_position_bild":"right","image_text_margin":"margin-after-big"},{"acf_fc_layout":"image_text","image_text_titel":"Jetzt Kontakt aufnehmen","image_text_titel_typ":"h2__section-title","image_text_titel_fake":false,"image_text_subtitle":"","image_text_link":{"title":"Kontakt aufnehmen","url":"mailto:contact@landolt-weine.ch","target":""},"image_text_content":"<p>Gerne entwickeln wir eine massgeschneiderte L\u00f6sung f\u00fcr Dein Unternehmen \u2013 pers\u00f6nlich, individuell und unkompliziert.<\/p>\n<p>Unsere Leiterin Firmenkunden, Alexandra, steht Dir f\u00fcr eine unverbindliche und kompetente Beratung gerne zur Verf\u00fcgung.<\/p>\n<p>Kontakt aufnehmen<\/p>\n<p><strong>Alexandra Eggler<\/strong><br \/>\nLeiterin Firmenkunden<\/p>\n<p>T +41 44 283 26 26<\/p>\n<p><a href=\"mailto:alexandra-eggler@landolt-weine.ch\">alexandra.eggler@landolt-weine.ch<\/a><\/p>\n","image_text_text_as_lead":true,"image_text_bild":4323,"image_text_video":"","image_text_position_bild":"left","image_text_margin":"margin-after-big"}],"header_title":""},"yoast_head":"<!-- This site is optimized with the Yoast SEO plugin v27.5 - https:\/\/yoast.com\/product\/yoast-seo-wordpress\/ -->\n<title>Firmenkunden - Landolt Weine<\/title>\n<meta name=\"description\" content=\"Firmenkunden - Ob exklusives Kundengeschenk, stilvoller Mitarbeiterevent oder ein eigenes Private Label: Wir begleiten dich von der ersten Idee bis zur perfekten Umsetzung.\" \/>\n<meta name=\"robots\" content=\"index, follow, max-snippet:-1, max-image-preview:large, max-video-preview:-1\" \/>\n<link rel=\"canonical\" href=\"https:\/\/www.landolt-weine.ch\/cms\/firmenkunden\/\" \/>\n<meta property=\"og:locale\" content=\"de_DE\" \/>\n<meta property=\"og:type\" content=\"article\" \/>\n<meta property=\"og:title\" content=\"Firmenkunden - Landolt Weine\" \/>\n<meta property=\"og:description\" content=\"Firmenkunden - Ob exklusives Kundengeschenk, stilvoller Mitarbeiterevent oder ein eigenes Private Label: Wir begleiten dich von der ersten Idee bis zur perfekten Umsetzung.\" \/>\n<meta property=\"og:url\" content=\"https:\/\/www.landolt-weine.ch\/cms\/firmenkunden\/\" \/>\n<meta property=\"og:site_name\" content=\"Landolt Weine\" \/>\n<meta property=\"article:publisher\" content=\"https:\/\/www.facebook.com\/landoltweine\/\" \/>\n<meta property=\"article:modified_time\" content=\"2026-03-30T07:46:26+00:00\" \/>\n<meta property=\"og:image\" content=\"https:\/\/www.landolt-weine.ch\/cms\/wp-content\/uploads\/2026\/02\/LW_Gastronomie_2000x1250px.jpg\" \/>\n\t<meta property=\"og:image:width\" content=\"2000\" \/>\n\t<meta property=\"og:image:height\" content=\"1250\" \/>\n\t<meta property=\"og:image:type\" content=\"image\/jpeg\" \/>\n<meta name=\"twitter:label1\" content=\"Gesch\u00e4tzte Lesezeit\" \/>\n\t<meta name=\"twitter:data1\" content=\"1\u00a0Minute\" \/>\n<script type=\"application\/ld+json\" class=\"yoast-schema-graph\">{\"@context\":\"https:\\\/\\\/schema.org\",\"@graph\":[{\"@type\":\"WebPage\",\"@id\":\"https:\\\/\\\/www.landolt-weine.ch\\\/cms\\\/firmenkunden\\\/\",\"url\":\"https:\\\/\\\/www.landolt-weine.ch\\\/cms\\\/firmenkunden\\\/\",\"name\":\"Firmenkunden - Landolt Weine\",\"isPartOf\":{\"@id\":\"https:\\\/\\\/www.landolt-weine.ch\\\/cms\\\/#website\"},\"primaryImageOfPage\":{\"@id\":\"https:\\\/\\\/www.landolt-weine.ch\\\/cms\\\/firmenkunden\\\/#primaryimage\"},\"image\":{\"@id\":\"https:\\\/\\\/www.landolt-weine.ch\\\/cms\\\/firmenkunden\\\/#primaryimage\"},\"thumbnailUrl\":\"https:\\\/\\\/www.landolt-weine.ch\\\/cms\\\/wp-content\\\/uploads\\\/2026\\\/02\\\/LW_Gastronomie_2000x1250px.jpg\",\"datePublished\":\"2026-03-25T13:51:00+00:00\",\"dateModified\":\"2026-03-30T07:46:26+00:00\",\"description\":\"Firmenkunden - Ob exklusives Kundengeschenk, stilvoller Mitarbeiterevent oder ein eigenes Private Label: Wir begleiten dich von der ersten Idee bis zur perfekten Umsetzung.\",\"breadcrumb\":{\"@id\":\"https:\\\/\\\/www.landolt-weine.ch\\\/cms\\\/firmenkunden\\\/#breadcrumb\"},\"inLanguage\":\"de-CH\",\"potentialAction\":[{\"@type\":\"ReadAction\",\"target\":[\"https:\\\/\\\/www.landolt-weine.ch\\\/cms\\\/firmenkunden\\\/\"]}]},{\"@type\":\"ImageObject\",\"inLanguage\":\"de-CH\",\"@id\":\"https:\\\/\\\/www.landolt-weine.ch\\\/cms\\\/firmenkunden\\\/#primaryimage\",\"url\":\"https:\\\/\\\/www.landolt-weine.ch\\\/cms\\\/wp-content\\\/uploads\\\/2026\\\/02\\\/LW_Gastronomie_2000x1250px.jpg\",\"contentUrl\":\"https:\\\/\\\/www.landolt-weine.ch\\\/cms\\\/wp-content\\\/uploads\\\/2026\\\/02\\\/LW_Gastronomie_2000x1250px.jpg\",\"width\":2000,\"height\":1250},{\"@type\":\"BreadcrumbList\",\"@id\":\"https:\\\/\\\/www.landolt-weine.ch\\\/cms\\\/firmenkunden\\\/#breadcrumb\",\"itemListElement\":[{\"@type\":\"ListItem\",\"position\":1,\"name\":\"Home\",\"item\":\"https:\\\/\\\/www.landolt-weine.ch\\\/cms\\\/\"},{\"@type\":\"ListItem\",\"position\":2,\"name\":\"Firmenkunden\"}]},{\"@type\":\"WebSite\",\"@id\":\"https:\\\/\\\/www.landolt-weine.ch\\\/cms\\\/#website\",\"url\":\"https:\\\/\\\/www.landolt-weine.ch\\\/cms\\\/\",\"name\":\"Landolt Weine\",\"description\":\"\",\"publisher\":{\"@id\":\"https:\\\/\\\/www.landolt-weine.ch\\\/cms\\\/#organization\"},\"potentialAction\":[{\"@type\":\"SearchAction\",\"target\":{\"@type\":\"EntryPoint\",\"urlTemplate\":\"https:\\\/\\\/www.landolt-weine.ch\\\/cms\\\/?s={search_term_string}\"},\"query-input\":{\"@type\":\"PropertyValueSpecification\",\"valueRequired\":true,\"valueName\":\"search_term_string\"}}],\"inLanguage\":\"de-CH\"},{\"@type\":\"Organization\",\"@id\":\"https:\\\/\\\/www.landolt-weine.ch\\\/cms\\\/#organization\",\"name\":\"Landolt Weine\",\"url\":\"https:\\\/\\\/www.landolt-weine.ch\\\/cms\\\/\",\"logo\":{\"@type\":\"ImageObject\",\"inLanguage\":\"de-CH\",\"@id\":\"https:\\\/\\\/www.landolt-weine.ch\\\/cms\\\/#\\\/schema\\\/logo\\\/image\\\/\",\"url\":\"https:\\\/\\\/www.landolt-weine.ch\\\/cms\\\/wp-content\\\/uploads\\\/2021\\\/01\\\/landolt-logo.png\",\"contentUrl\":\"https:\\\/\\\/www.landolt-weine.ch\\\/cms\\\/wp-content\\\/uploads\\\/2021\\\/01\\\/landolt-logo.png\",\"width\":1000,\"height\":240,\"caption\":\"Landolt Weine\"},\"image\":{\"@id\":\"https:\\\/\\\/www.landolt-weine.ch\\\/cms\\\/#\\\/schema\\\/logo\\\/image\\\/\"},\"sameAs\":[\"https:\\\/\\\/www.facebook.com\\\/landoltweine\\\/\"]}]}<\/script>\n<!-- \/ Yoast SEO plugin. -->","yoast_head_json":{"title":"Firmenkunden - Landolt Weine","description":"Firmenkunden - Ob exklusives Kundengeschenk, stilvoller Mitarbeiterevent oder ein eigenes Private Label: Wir begleiten dich von der ersten Idee bis zur perfekten Umsetzung.","robots":{"index":"index","follow":"follow","max-snippet":"max-snippet:-1","max-image-preview":"max-image-preview:large","max-video-preview":"max-video-preview:-1"},"canonical":"https:\/\/www.landolt-weine.ch\/cms\/firmenkunden\/","og_locale":"de_DE","og_type":"article","og_title":"Firmenkunden - Landolt Weine","og_description":"Firmenkunden - Ob exklusives Kundengeschenk, stilvoller Mitarbeiterevent oder ein eigenes Private Label: Wir begleiten dich von der ersten Idee bis zur perfekten Umsetzung.","og_url":"https:\/\/www.landolt-weine.ch\/cms\/firmenkunden\/","og_site_name":"Landolt Weine","article_publisher":"https:\/\/www.facebook.com\/landoltweine\/","article_modified_time":"2026-03-30T07:46:26+00:00","og_image":[{"width":2000,"height":1250,"url":"https:\/\/www.landolt-weine.ch\/cms\/wp-content\/uploads\/2026\/02\/LW_Gastronomie_2000x1250px.jpg","type":"image\/jpeg"}],"twitter_misc":{"Gesch\u00e4tzte Lesezeit":"1\u00a0Minute"},"schema":{"@context":"https:\/\/schema.org","@graph":[{"@type":"WebPage","@id":"https:\/\/www.landolt-weine.ch\/cms\/firmenkunden\/","url":"https:\/\/www.landolt-weine.ch\/cms\/firmenkunden\/","name":"Firmenkunden - Landolt Weine","isPartOf":{"@id":"https:\/\/www.landolt-weine.ch\/cms\/#website"},"primaryImageOfPage":{"@id":"https:\/\/www.landolt-weine.ch\/cms\/firmenkunden\/#primaryimage"},"image":{"@id":"https:\/\/www.landolt-weine.ch\/cms\/firmenkunden\/#primaryimage"},"thumbnailUrl":"https:\/\/www.landolt-weine.ch\/cms\/wp-content\/uploads\/2026\/02\/LW_Gastronomie_2000x1250px.jpg","datePublished":"2026-03-25T13:51:00+00:00","dateModified":"2026-03-30T07:46:26+00:00","description":"Firmenkunden - Ob exklusives Kundengeschenk, stilvoller Mitarbeiterevent oder ein eigenes Private Label: Wir begleiten dich von der ersten Idee bis zur perfekten Umsetzung.","breadcrumb":{"@id":"https:\/\/www.landolt-weine.ch\/cms\/firmenkunden\/#breadcrumb"},"inLanguage":"de-CH","potentialAction":[{"@type":"ReadAction","target":["https:\/\/www.landolt-weine.ch\/cms\/firmenkunden\/"]}]},{"@type":"ImageObject","inLanguage":"de-CH","@id":"https:\/\/www.landolt-weine.ch\/cms\/firmenkunden\/#primaryimage","url":"https:\/\/www.landolt-weine.ch\/cms\/wp-content\/uploads\/2026\/02\/LW_Gastronomie_2000x1250px.jpg","contentUrl":"https:\/\/www.landolt-weine.ch\/cms\/wp-content\/uploads\/2026\/02\/LW_Gastronomie_2000x1250px.jpg","width":2000,"height":1250},{"@type":"BreadcrumbList","@id":"https:\/\/www.landolt-weine.ch\/cms\/firmenkunden\/#breadcrumb","itemListElement":[{"@type":"ListItem","position":1,"name":"Home","item":"https:\/\/www.landolt-weine.ch\/cms\/"},{"@type":"ListItem","position":2,"name":"Firmenkunden"}]},{"@type":"WebSite","@id":"https:\/\/www.landolt-weine.ch\/cms\/#website","url":"https:\/\/www.landolt-weine.ch\/cms\/","name":"Landolt Weine","description":"","publisher":{"@id":"https:\/\/www.landolt-weine.ch\/cms\/#organization"},"potentialAction":[{"@type":"SearchAction","target":{"@type":"EntryPoint","urlTemplate":"https:\/\/www.landolt-weine.ch\/cms\/?s={search_term_string}"},"query-input":{"@type":"PropertyValueSpecification","valueRequired":true,"valueName":"search_term_string"}}],"inLanguage":"de-CH"},{"@type":"Organization","@id":"https:\/\/www.landolt-weine.ch\/cms\/#organization","name":"Landolt Weine","url":"https:\/\/www.landolt-weine.ch\/cms\/","logo":{"@type":"ImageObject","inLanguage":"de-CH","@id":"https:\/\/www.landolt-weine.ch\/cms\/#\/schema\/logo\/image\/","url":"https:\/\/www.landolt-weine.ch\/cms\/wp-content\/uploads\/2021\/01\/landolt-logo.png","contentUrl":"https:\/\/www.landolt-weine.ch\/cms\/wp-content\/uploads\/2021\/01\/landolt-logo.png","width":1000,"height":240,"caption":"Landolt Weine"},"image":{"@id":"https:\/\/www.landolt-weine.ch\/cms\/#\/schema\/logo\/image\/"},"sameAs":["https:\/\/www.facebook.com\/landoltweine\/"]}]}},"_links":{"self":[{"href":"https:\/\/www.landolt-weine.ch\/cms\/wp-json\/wp\/v2\/pages\/8468","targetHints":{"allow":["GET"]}}],"collection":[{"href":"https:\/\/www.landolt-weine.ch\/cms\/wp-json\/wp\/v2\/pages"}],"about":[{"href":"https:\/\/www.landolt-weine.ch\/cms\/wp-json\/wp\/v2\/types\/page"}],"author":[{"embeddable":true,"href":"https:\/\/www.landolt-weine.ch\/cms\/wp-json\/wp\/v2\/users\/5"}],"replies":[{"embeddable":true,"href":"https:\/\/www.landolt-weine.ch\/cms\/wp-json\/wp\/v2\/comments?post=8468"}],"version-history":[{"count":57,"href":"https:\/\/www.landolt-weine.ch\/cms\/wp-json\/wp\/v2\/pages\/8468\/revisions"}],"predecessor-version":[{"id":8617,"href":"https:\/\/www.landolt-weine.ch\/cms\/wp-json\/wp\/v2\/pages\/8468\/revisions\/8617"}],"wp:featuredmedia":[{"embeddable":true,"href":"https:\/\/www.landolt-weine.ch\/cms\/wp-json\/wp\/v2\/media\/8469"}],"wp:attachment":[{"href":"https:\/\/www.landolt-weine.ch\/cms\/wp-json\/wp\/v2\/media?parent=8468"}],"curies":[{"name":"wp","href":"https:\/\/api.w.org\/{rel}","templated":true}]}}