{"id":8512,"date":"2026-03-05T14:10:53","date_gmt":"2026-03-05T13:10:53","guid":{"rendered":"https:\/\/www.landolt-weine.ch\/cms\/?page_id=8512"},"modified":"2026-03-16T11:27:53","modified_gmt":"2026-03-16T10:27:53","slug":"gastronomie","status":"publish","type":"page","link":"https:\/\/www.landolt-weine.ch\/cms\/gastronomie\/","title":{"rendered":"Dein Weinpartner f\u00fcr die Gastronomie"},"content":{"rendered":"\n<p>Pers\u00f6nlich. Passend. Partnerschaftlich.<\/p>\n\n\n\n<p><\/p>\n","protected":false},"excerpt":{"rendered":"<p>Pers\u00f6nlich. Passend. Partnerschaftlich.<\/p>\n","protected":false},"author":5,"featured_media":8469,"parent":0,"menu_order":8,"comment_status":"closed","ping_status":"closed","template":"","meta":{"_acf_changed":false,"footnotes":""},"class_list":["post-8512","page","type-page","status-publish","has-post-thumbnail","hentry"],"acf":{"headerbild":8469,"header_subtitle":"","hide_pagetitle":false,"inhaltselemente":[{"acf_fc_layout":"einspalter_text","einspalter_text_titel":"Landolt Weine - Werte, die verbinden","einspalter_text_titel_typ":"h2__section-title","einspalter_text_titel_fake":false,"einspalter_text_content":"<p>Bei Landolt Weine stehen Service, Engagement und echte N\u00e4he zum Kunden im Zentrum. Wir pflegen ehrliche, langfristige Beziehungen zu unseren Partnern und Kunden, nehmen uns Zeit f\u00fcr eine individuelle Beratung und setzen auf verl\u00e4ssliche, effiziente Logistik, damit Ihre Abl\u00e4ufe reibungslos funktionieren.<\/p>\n","einspalter_text_margin":"margin-after-big"},{"acf_fc_layout":"image_text","image_text_titel":"Unser Sortiment \u2013 passend zu Deinem Konzept","image_text_titel_typ":"h2__section-title","image_text_titel_fake":false,"image_text_subtitle":"","image_text_link":"","image_text_content":"<ul>\n<li><strong>Weingut Landolt<\/strong><br \/>\nEigene Weine aus unserem Weingut in der Stadt Z\u00fcrich, dem Z\u00fcrcher Weinland und dem Kanton Thurgau.<\/li>\n<li><strong data-start=\"375\" data-end=\"426\">Breites Weinsortiment<\/strong><br data-start=\"426\" data-end=\"429\" \/>Ein vielseitiges Sortiment aus Schweizer Klassikern und internationalen Entdeckungen.<\/li>\n<li><strong data-start=\"814\" data-end=\"850\">Attraktives Preis-Leistungs-Verh\u00e4ltnis<\/strong><br data-start=\"850\" data-end=\"853\" \/>Faire Preise dank enger, langfristiger Zusammenarbeit mit ausgew\u00e4hlten Weing\u00fctern.<\/li>\n<li><strong data-start=\"1031\" data-end=\"1062\">Langj\u00e4hrige Partnerschaften<\/strong><br data-start=\"1062\" data-end=\"1065\" \/>Gewachsene Beziehungen mit Produzenten \u00fcber mehrere Generationen schaffen Vertrauen und Planungssicherheit.<\/li>\n<li><strong>Weine, die sich gut verkaufen<\/strong><br \/>\nEin Sortiment mit Fokus auf bew\u00e4hrte, gefragte Weine \u2013 passend f\u00fcr den Gastronomiealltag.<\/li>\n<\/ul>\n","image_text_text_as_lead":false,"image_text_bild":8471,"image_text_video":"","image_text_position_bild":"left","image_text_margin":"margin-after-big"},{"acf_fc_layout":"einspalter_text","einspalter_text_titel":"Dienstleistungen & Vorteile","einspalter_text_titel_typ":"h2__section-title","einspalter_text_titel_fake":false,"einspalter_text_content":"<ul>\n<li><strong>Pers\u00f6nliche Beratung<\/strong><br \/>\nProfesionelle Beratung, abgestimmt auf Deinen Betrieb, Dein Konzept und Deine G\u00e4ste.<\/li>\n<li><strong>Individuelle Weinkarten-Gestaltung<\/strong><br \/>\nUnterst\u00fctzung bei Aufbau und Struktur Deiner Weinkarte.<\/li>\n<li><strong>Optimierung von Marge &amp; Kalkulation<\/strong><br \/>\nUnterst\u00fctzung bei Preisgestaltung und Sortimentsstruktur.<\/li>\n<li><strong>Foodpairing-Empfehlungen<\/strong><br \/>\nPassende Weinempfehlungen zu Deinen Gerichten.<\/li>\n<li><strong>Mitarbeiterschulungen<\/strong><br \/>\nPraxisorientierte Schulungen f\u00fcr Dein Team.<\/li>\n<li><strong>Unterst\u00fctzung bei Neukonzepten oder Relaunch<\/strong><br \/>\nBegleitung bei neuen gastronomischen Konzepten oder \u00dcberarbeitungen.<\/li>\n<li><strong>Private Label<\/strong><br \/>\nIndividuelle Weinl\u00f6sungen mit eigener Etikette, gestaltet durch unsere Grafikdesignerin \u2014 abgestimmt auf Deinen Betrieb und Dein Erscheinungsbild.<\/li>\n<li><strong>Kundenreisen<\/strong><br \/>\nGemeinsame Erlebnisse an dem Ort, an dem der Wein entsteht.<\/li>\n<\/ul>\n","einspalter_text_margin":"margin-after-big"},{"acf_fc_layout":"image_text","image_text_titel":"Zuverl\u00e4ssige Lieferung & Logistik","image_text_titel_typ":"h2__section-title","image_text_titel_fake":false,"image_text_subtitle":"","image_text_link":"","image_text_content":"<ul>\n<li><strong>Eigene Logistik<\/strong><br data-start=\"100\" data-end=\"103\" \/>Lieferungen \u00fcber unser eigenes Logistikteam.<\/li>\n<li><strong>Zuverl\u00e4ssige, schnelle und flexible Lieferung<\/strong><br data-start=\"281\" data-end=\"284\" \/>P\u00fcnktliche, bedarfsgerechte Lieferung inklusive Verr\u00e4umung der Ware nach dem FIFO-Prinzip.<\/li>\n<li><strong>Kommissionsbestellungen f\u00fcr Events<\/strong><br data-start=\"418\" data-end=\"421\" \/>Flexible L\u00f6sungen f\u00fcr Veranstaltungen und spezielle Anl\u00e4sse.<\/li>\n<li><strong>Bestellportal<\/strong><br data-start=\"553\" data-end=\"556\" \/>Einfacher und effizienter Bestellprozess \u00fcber unseren Onlineshop.<\/li>\n<\/ul>\n","image_text_text_as_lead":false,"image_text_bild":8481,"image_text_video":"","image_text_position_bild":"left","image_text_margin":"margin-after-big"},{"acf_fc_layout":"einspalter_text","einspalter_text_titel":"Marketing- & Verkaufsunterst\u00fctzung","einspalter_text_titel_typ":"h2__section-title","einspalter_text_titel_fake":false,"einspalter_text_content":"<ul>\n<li><strong>Saisonale Promotionen<\/strong><br data-start=\"454\" data-end=\"457\" \/>Abgestimmte Aktionen und Empfehlungen passend zur Saison.<\/li>\n<li><strong>Unterst\u00fctzung bei Events &amp; Degustationen<\/strong><br data-start=\"584\" data-end=\"587\" \/>Begleitung bei Planung und Umsetzung.<\/li>\n<li><strong>Winzerdegustationen &amp; Veranstaltungen<\/strong><br data-start=\"702\" data-end=\"705\" \/>Pers\u00f6nliche Begegnungen mit Produzenten.<\/li>\n<li><strong>Storytelling zu Weinen &amp; Produzenten<\/strong><br data-start=\"170\" data-end=\"173\" \/>Hintergrundwissen und Geschichten zu Weingut, Winzer und Philosophie.<\/li>\n<li><strong>Marketingunterst\u00fctzung &amp; Kooperationen<\/strong><br data-start=\"309\" data-end=\"312\" \/>Unterst\u00fctzung bei gemeinsamen Aktivit\u00e4ten und Pr\u00e4senz.<\/li>\n<\/ul>\n","einspalter_text_margin":"margin-after-big"},{"acf_fc_layout":"teammitglieder","teammitglieder_titel":"Jetzt Kontakt aufnehmen","teammitglieder_titel_typ":"h2__section-title","teammitglieder_titel_fake":false,"teammitglieder_teammitglieder":[3043,3040,3041,3042,3051,6697],"teammitglieder_margin":"margin-after-big"}],"header_title":""},"yoast_head":"<!-- This site is optimized with the Yoast SEO plugin v27.4 - https:\/\/yoast.com\/product\/yoast-seo-wordpress\/ -->\n<title>Dein Weinpartner f\u00fcr die Gastronomie - Landolt Weine<\/title>\n<meta name=\"description\" content=\"Dein Weinpartner f\u00fcr die Gastronomie - Landolt Weine steht f\u00fcr pers\u00f6nlichen Service, zuverl\u00e4ssige Logistik und echte Kunden\u2011N\u00e4he \u2013 Werte, auf die Gastronomiebetriebe bauen k\u00f6nnen.\" \/>\n<meta name=\"robots\" content=\"index, follow, max-snippet:-1, max-image-preview:large, max-video-preview:-1\" \/>\n<link rel=\"canonical\" href=\"https:\/\/www.landolt-weine.ch\/cms\/gastronomie\/\" \/>\n<meta property=\"og:locale\" content=\"de_DE\" \/>\n<meta property=\"og:type\" content=\"article\" \/>\n<meta property=\"og:title\" content=\"Dein Weinpartner f\u00fcr die Gastronomie - Landolt Weine\" \/>\n<meta property=\"og:description\" content=\"Dein Weinpartner f\u00fcr die Gastronomie - Landolt Weine steht f\u00fcr pers\u00f6nlichen Service, zuverl\u00e4ssige Logistik und echte Kunden\u2011N\u00e4he \u2013 Werte, auf die Gastronomiebetriebe bauen k\u00f6nnen.\" \/>\n<meta property=\"og:url\" content=\"https:\/\/www.landolt-weine.ch\/cms\/gastronomie\/\" \/>\n<meta property=\"og:site_name\" content=\"Landolt Weine\" \/>\n<meta property=\"article:publisher\" content=\"https:\/\/www.facebook.com\/landoltweine\/\" \/>\n<meta property=\"article:modified_time\" content=\"2026-03-16T10:27:53+00:00\" \/>\n<meta property=\"og:image\" content=\"https:\/\/www.landolt-weine.ch\/cms\/wp-content\/uploads\/2026\/02\/LW_Gastronomie_2000x1250px.jpg\" \/>\n\t<meta property=\"og:image:width\" content=\"2000\" \/>\n\t<meta property=\"og:image:height\" content=\"1250\" \/>\n\t<meta property=\"og:image:type\" content=\"image\/jpeg\" \/>\n<meta name=\"twitter:label1\" content=\"Gesch\u00e4tzte Lesezeit\" \/>\n\t<meta name=\"twitter:data1\" content=\"1\u00a0Minute\" \/>\n<script type=\"application\/ld+json\" class=\"yoast-schema-graph\">{\"@context\":\"https:\\\/\\\/schema.org\",\"@graph\":[{\"@type\":\"WebPage\",\"@id\":\"https:\\\/\\\/www.landolt-weine.ch\\\/cms\\\/gastronomie\\\/\",\"url\":\"https:\\\/\\\/www.landolt-weine.ch\\\/cms\\\/gastronomie\\\/\",\"name\":\"Dein Weinpartner f\u00fcr die Gastronomie - Landolt Weine\",\"isPartOf\":{\"@id\":\"https:\\\/\\\/www.landolt-weine.ch\\\/cms\\\/#website\"},\"primaryImageOfPage\":{\"@id\":\"https:\\\/\\\/www.landolt-weine.ch\\\/cms\\\/gastronomie\\\/#primaryimage\"},\"image\":{\"@id\":\"https:\\\/\\\/www.landolt-weine.ch\\\/cms\\\/gastronomie\\\/#primaryimage\"},\"thumbnailUrl\":\"https:\\\/\\\/www.landolt-weine.ch\\\/cms\\\/wp-content\\\/uploads\\\/2026\\\/02\\\/LW_Gastronomie_2000x1250px.jpg\",\"datePublished\":\"2026-03-05T13:10:53+00:00\",\"dateModified\":\"2026-03-16T10:27:53+00:00\",\"description\":\"Dein Weinpartner f\u00fcr die Gastronomie - Landolt Weine steht f\u00fcr pers\u00f6nlichen Service, zuverl\u00e4ssige Logistik und echte Kunden\u2011N\u00e4he \u2013 Werte, auf die Gastronomiebetriebe bauen k\u00f6nnen.\",\"breadcrumb\":{\"@id\":\"https:\\\/\\\/www.landolt-weine.ch\\\/cms\\\/gastronomie\\\/#breadcrumb\"},\"inLanguage\":\"de-CH\",\"potentialAction\":[{\"@type\":\"ReadAction\",\"target\":[\"https:\\\/\\\/www.landolt-weine.ch\\\/cms\\\/gastronomie\\\/\"]}]},{\"@type\":\"ImageObject\",\"inLanguage\":\"de-CH\",\"@id\":\"https:\\\/\\\/www.landolt-weine.ch\\\/cms\\\/gastronomie\\\/#primaryimage\",\"url\":\"https:\\\/\\\/www.landolt-weine.ch\\\/cms\\\/wp-content\\\/uploads\\\/2026\\\/02\\\/LW_Gastronomie_2000x1250px.jpg\",\"contentUrl\":\"https:\\\/\\\/www.landolt-weine.ch\\\/cms\\\/wp-content\\\/uploads\\\/2026\\\/02\\\/LW_Gastronomie_2000x1250px.jpg\",\"width\":2000,\"height\":1250},{\"@type\":\"BreadcrumbList\",\"@id\":\"https:\\\/\\\/www.landolt-weine.ch\\\/cms\\\/gastronomie\\\/#breadcrumb\",\"itemListElement\":[{\"@type\":\"ListItem\",\"position\":1,\"name\":\"Home\",\"item\":\"https:\\\/\\\/www.landolt-weine.ch\\\/cms\\\/\"},{\"@type\":\"ListItem\",\"position\":2,\"name\":\"Dein Weinpartner f\u00fcr die Gastronomie\"}]},{\"@type\":\"WebSite\",\"@id\":\"https:\\\/\\\/www.landolt-weine.ch\\\/cms\\\/#website\",\"url\":\"https:\\\/\\\/www.landolt-weine.ch\\\/cms\\\/\",\"name\":\"Landolt Weine\",\"description\":\"\",\"publisher\":{\"@id\":\"https:\\\/\\\/www.landolt-weine.ch\\\/cms\\\/#organization\"},\"potentialAction\":[{\"@type\":\"SearchAction\",\"target\":{\"@type\":\"EntryPoint\",\"urlTemplate\":\"https:\\\/\\\/www.landolt-weine.ch\\\/cms\\\/?s={search_term_string}\"},\"query-input\":{\"@type\":\"PropertyValueSpecification\",\"valueRequired\":true,\"valueName\":\"search_term_string\"}}],\"inLanguage\":\"de-CH\"},{\"@type\":\"Organization\",\"@id\":\"https:\\\/\\\/www.landolt-weine.ch\\\/cms\\\/#organization\",\"name\":\"Landolt Weine\",\"url\":\"https:\\\/\\\/www.landolt-weine.ch\\\/cms\\\/\",\"logo\":{\"@type\":\"ImageObject\",\"inLanguage\":\"de-CH\",\"@id\":\"https:\\\/\\\/www.landolt-weine.ch\\\/cms\\\/#\\\/schema\\\/logo\\\/image\\\/\",\"url\":\"https:\\\/\\\/www.landolt-weine.ch\\\/cms\\\/wp-content\\\/uploads\\\/2021\\\/01\\\/landolt-logo.png\",\"contentUrl\":\"https:\\\/\\\/www.landolt-weine.ch\\\/cms\\\/wp-content\\\/uploads\\\/2021\\\/01\\\/landolt-logo.png\",\"width\":1000,\"height\":240,\"caption\":\"Landolt Weine\"},\"image\":{\"@id\":\"https:\\\/\\\/www.landolt-weine.ch\\\/cms\\\/#\\\/schema\\\/logo\\\/image\\\/\"},\"sameAs\":[\"https:\\\/\\\/www.facebook.com\\\/landoltweine\\\/\"]}]}<\/script>\n<!-- \/ Yoast SEO plugin. -->","yoast_head_json":{"title":"Dein Weinpartner f\u00fcr die Gastronomie - Landolt Weine","description":"Dein Weinpartner f\u00fcr die Gastronomie - Landolt Weine steht f\u00fcr pers\u00f6nlichen Service, zuverl\u00e4ssige Logistik und echte Kunden\u2011N\u00e4he \u2013 Werte, auf die Gastronomiebetriebe bauen k\u00f6nnen.","robots":{"index":"index","follow":"follow","max-snippet":"max-snippet:-1","max-image-preview":"max-image-preview:large","max-video-preview":"max-video-preview:-1"},"canonical":"https:\/\/www.landolt-weine.ch\/cms\/gastronomie\/","og_locale":"de_DE","og_type":"article","og_title":"Dein Weinpartner f\u00fcr die Gastronomie - Landolt Weine","og_description":"Dein Weinpartner f\u00fcr die Gastronomie - Landolt Weine steht f\u00fcr pers\u00f6nlichen Service, zuverl\u00e4ssige Logistik und echte Kunden\u2011N\u00e4he \u2013 Werte, auf die Gastronomiebetriebe bauen k\u00f6nnen.","og_url":"https:\/\/www.landolt-weine.ch\/cms\/gastronomie\/","og_site_name":"Landolt Weine","article_publisher":"https:\/\/www.facebook.com\/landoltweine\/","article_modified_time":"2026-03-16T10:27:53+00:00","og_image":[{"width":2000,"height":1250,"url":"https:\/\/www.landolt-weine.ch\/cms\/wp-content\/uploads\/2026\/02\/LW_Gastronomie_2000x1250px.jpg","type":"image\/jpeg"}],"twitter_misc":{"Gesch\u00e4tzte Lesezeit":"1\u00a0Minute"},"schema":{"@context":"https:\/\/schema.org","@graph":[{"@type":"WebPage","@id":"https:\/\/www.landolt-weine.ch\/cms\/gastronomie\/","url":"https:\/\/www.landolt-weine.ch\/cms\/gastronomie\/","name":"Dein Weinpartner f\u00fcr die Gastronomie - Landolt Weine","isPartOf":{"@id":"https:\/\/www.landolt-weine.ch\/cms\/#website"},"primaryImageOfPage":{"@id":"https:\/\/www.landolt-weine.ch\/cms\/gastronomie\/#primaryimage"},"image":{"@id":"https:\/\/www.landolt-weine.ch\/cms\/gastronomie\/#primaryimage"},"thumbnailUrl":"https:\/\/www.landolt-weine.ch\/cms\/wp-content\/uploads\/2026\/02\/LW_Gastronomie_2000x1250px.jpg","datePublished":"2026-03-05T13:10:53+00:00","dateModified":"2026-03-16T10:27:53+00:00","description":"Dein Weinpartner f\u00fcr die Gastronomie - Landolt Weine steht f\u00fcr pers\u00f6nlichen Service, zuverl\u00e4ssige Logistik und echte Kunden\u2011N\u00e4he \u2013 Werte, auf die Gastronomiebetriebe bauen k\u00f6nnen.","breadcrumb":{"@id":"https:\/\/www.landolt-weine.ch\/cms\/gastronomie\/#breadcrumb"},"inLanguage":"de-CH","potentialAction":[{"@type":"ReadAction","target":["https:\/\/www.landolt-weine.ch\/cms\/gastronomie\/"]}]},{"@type":"ImageObject","inLanguage":"de-CH","@id":"https:\/\/www.landolt-weine.ch\/cms\/gastronomie\/#primaryimage","url":"https:\/\/www.landolt-weine.ch\/cms\/wp-content\/uploads\/2026\/02\/LW_Gastronomie_2000x1250px.jpg","contentUrl":"https:\/\/www.landolt-weine.ch\/cms\/wp-content\/uploads\/2026\/02\/LW_Gastronomie_2000x1250px.jpg","width":2000,"height":1250},{"@type":"BreadcrumbList","@id":"https:\/\/www.landolt-weine.ch\/cms\/gastronomie\/#breadcrumb","itemListElement":[{"@type":"ListItem","position":1,"name":"Home","item":"https:\/\/www.landolt-weine.ch\/cms\/"},{"@type":"ListItem","position":2,"name":"Dein Weinpartner f\u00fcr die Gastronomie"}]},{"@type":"WebSite","@id":"https:\/\/www.landolt-weine.ch\/cms\/#website","url":"https:\/\/www.landolt-weine.ch\/cms\/","name":"Landolt Weine","description":"","publisher":{"@id":"https:\/\/www.landolt-weine.ch\/cms\/#organization"},"potentialAction":[{"@type":"SearchAction","target":{"@type":"EntryPoint","urlTemplate":"https:\/\/www.landolt-weine.ch\/cms\/?s={search_term_string}"},"query-input":{"@type":"PropertyValueSpecification","valueRequired":true,"valueName":"search_term_string"}}],"inLanguage":"de-CH"},{"@type":"Organization","@id":"https:\/\/www.landolt-weine.ch\/cms\/#organization","name":"Landolt Weine","url":"https:\/\/www.landolt-weine.ch\/cms\/","logo":{"@type":"ImageObject","inLanguage":"de-CH","@id":"https:\/\/www.landolt-weine.ch\/cms\/#\/schema\/logo\/image\/","url":"https:\/\/www.landolt-weine.ch\/cms\/wp-content\/uploads\/2021\/01\/landolt-logo.png","contentUrl":"https:\/\/www.landolt-weine.ch\/cms\/wp-content\/uploads\/2021\/01\/landolt-logo.png","width":1000,"height":240,"caption":"Landolt Weine"},"image":{"@id":"https:\/\/www.landolt-weine.ch\/cms\/#\/schema\/logo\/image\/"},"sameAs":["https:\/\/www.facebook.com\/landoltweine\/"]}]}},"_links":{"self":[{"href":"https:\/\/www.landolt-weine.ch\/cms\/wp-json\/wp\/v2\/pages\/8512","targetHints":{"allow":["GET"]}}],"collection":[{"href":"https:\/\/www.landolt-weine.ch\/cms\/wp-json\/wp\/v2\/pages"}],"about":[{"href":"https:\/\/www.landolt-weine.ch\/cms\/wp-json\/wp\/v2\/types\/page"}],"author":[{"embeddable":true,"href":"https:\/\/www.landolt-weine.ch\/cms\/wp-json\/wp\/v2\/users\/5"}],"replies":[{"embeddable":true,"href":"https:\/\/www.landolt-weine.ch\/cms\/wp-json\/wp\/v2\/comments?post=8512"}],"version-history":[{"count":10,"href":"https:\/\/www.landolt-weine.ch\/cms\/wp-json\/wp\/v2\/pages\/8512\/revisions"}],"predecessor-version":[{"id":8595,"href":"https:\/\/www.landolt-weine.ch\/cms\/wp-json\/wp\/v2\/pages\/8512\/revisions\/8595"}],"wp:featuredmedia":[{"embeddable":true,"href":"https:\/\/www.landolt-weine.ch\/cms\/wp-json\/wp\/v2\/media\/8469"}],"wp:attachment":[{"href":"https:\/\/www.landolt-weine.ch\/cms\/wp-json\/wp\/v2\/media?parent=8512"}],"curies":[{"name":"wp","href":"https:\/\/api.w.org\/{rel}","templated":true}]}}